{"id":7,"date":"2018-04-27T17:52:53","date_gmt":"2018-04-27T15:52:53","guid":{"rendered":"https:\/\/www.silkebohner.de\/?page_id=7"},"modified":"2022-08-02T08:06:36","modified_gmt":"2022-08-02T06:06:36","slug":"startseite","status":"publish","type":"page","link":"https:\/\/www.silkebohner.de\/","title":{"rendered":""},"content":{"rendered":"<div id=\"pl-7\"  class=\"panel-layout\" ><div id=\"pg-7-0\"  class=\"panel-grid panel-has-style\" ><div class=\"siteorigin-panels-stretch panel-row-style panel-row-style-for-7-0\" style=\"text-align: center;background-image: url(https:\/\/www.silkebohner.de\/wp-content\/uploads\/2018\/04\/IMG_4567-Kopie_Bad-Kreuznach.jpg);padding: 50px 0; \" data-stretch-type=\"full-stretched\" data-hasbg=\"hasbg\" data-overlay=\"true\" data-overlay-color=\"#000000\" ><div id=\"pgc-7-0-0\"  class=\"panel-grid-cell\" ><div id=\"panel-7-0-0-0\" class=\"so-panel widget widget_sow-image panel-first-child panel-last-child\" data-index=\"0\" ><div style=\"text-align: left;\" data-title-color=\"#443f3f\" data-headings-color=\"#443f3f\" class=\"panel-widget-style panel-widget-style-for-7-0-0-0\" ><div\n\t\t\t\n\t\t\tclass=\"so-widget-sow-image so-widget-sow-image-default-c67d20f9f743-7\"\n\t\t\t\n\t\t>\n\n<div class=\"sow-image-container\">\n\t\t<img loading=\"lazy\" decoding=\"async\" src=\"https:\/\/www.silkebohner.de\/wp-content\/uploads\/2021\/03\/319BW1915-217x300.jpg\" width=\"217\" height=\"300\" srcset=\"https:\/\/www.silkebohner.de\/wp-content\/uploads\/2021\/03\/319BW1915-217x300.jpg 217w, https:\/\/www.silkebohner.de\/wp-content\/uploads\/2021\/03\/319BW1915-768x1064.jpg 768w, https:\/\/www.silkebohner.de\/wp-content\/uploads\/2021\/03\/319BW1915-739x1024.jpg 739w, https:\/\/www.silkebohner.de\/wp-content\/uploads\/2021\/03\/319BW1915-830x1150.jpg 830w, https:\/\/www.silkebohner.de\/wp-content\/uploads\/2021\/03\/319BW1915-230x319.jpg 230w, https:\/\/www.silkebohner.de\/wp-content\/uploads\/2021\/03\/319BW1915-350x485.jpg 350w, https:\/\/www.silkebohner.de\/wp-content\/uploads\/2021\/03\/319BW1915-480x665.jpg 480w, https:\/\/www.silkebohner.de\/wp-content\/uploads\/2021\/03\/319BW1915.jpg 1535w\" sizes=\"(max-width: 217px) 100vw, 217px\" alt=\"\" loading=\"lazy\" \t\tclass=\"so-widget-image\"\/>\n\t<\/div>\n\n<\/div><\/div><\/div><\/div><div id=\"pgc-7-0-1\"  class=\"panel-grid-cell\" ><div id=\"panel-7-0-1-0\" class=\"so-panel widget widget_sow-editor panel-first-child panel-last-child\" data-index=\"1\" ><div style=\"text-align: left;\" data-title-color=\"#443f3f\" data-headings-color=\"#443f3f\" class=\"panel-widget-style panel-widget-style-for-7-0-1-0\" ><div\n\t\t\t\n\t\t\tclass=\"so-widget-sow-editor so-widget-sow-editor-base\"\n\t\t\t\n\t\t>\n<div class=\"siteorigin-widget-tinymce textwidget\">\n\t<h2 style=\"text-align: left;\"><span style=\"color: #ffffff;\"><strong>\u00dcber mich<\/strong><\/span><\/h2>\n<p style=\"text-align: left;\"><span style=\"color: #ffffff;\"><strong>Seit \u00fcber 25 Jahren bin ich im Verlagswesen t\u00e4tig und habe in Festanstellung beim Pabel-Moewig-Verlag<\/strong><\/span><br \/>\n<span style=\"color: #ffffff;\"><strong>und sp\u00e4ter beim F\u00fcr-mich-Verlag bei etlichen Zeitschriften in Redaktion und Bildredaktion mitgearbeitet.<\/strong><\/span><\/p>\n<p style=\"text-align: left;\"><span style=\"color: #ffffff;\"><strong>Im Jahr 2013 habe ich mich selbst\u00e4ndig gemacht und bin seither als freie Redakteurin und Bildredakteurin t\u00e4tig.<\/strong><\/span><br \/>\n<span style=\"color: #ffffff;\"><strong>Spezialisiert habe ich mich auf Themen rund um die Natur, den Garten, die Landschaft\/Reise, das Landleben,<\/strong><\/span><br \/>\n<span style=\"color: #ffffff;\"><strong>die K\u00fcche und vieles mehr. Aber auch Service- &amp; Ratgeberthemen interessieren mich sehr.<\/strong><\/span><\/p>\n<p style=\"text-align: left;\"><span style=\"color: #ffffff;\"><strong>Heute \u00fcbernehme ich als freie Redaktion &amp; BohnerProduktion gerne einen Teil oder auch komplette budgetverantwortliche<\/strong><\/span><br \/>\n<span style=\"color: #ffffff;\"><strong>Text- und\/oder Bild-Ressorts Ihres Mediums. Ich recherchiere, schreibe, suche und produziere f\u00fcr Sie Themen, Texte und Fotos<\/strong><\/span><br \/>\n<span style=\"color: #ffffff;\"><strong>f\u00fcr Ihre Projekte. Erweitert durch ein eigenes Team und ein starkes Netzwerk an Fotografen, Grafikern, Illustratoren, Autoren,<\/strong><\/span><br \/>\n<span style=\"color: #ffffff;\"><strong>Agenturen, Pressestellen bin ich perfekt auf Ihre W\u00fcnsche und die Bed\u00fcrfnisse Ihrer Zielgruppe eingerichtet.<\/strong><\/span><\/p>\n<p style=\"text-align: center;\">\n<\/div>\n<\/div><\/div><\/div><\/div><\/div><\/div><\/div>","protected":false},"excerpt":{"rendered":"<p>\u00dcber mich Seit \u00fcber 25 Jahren bin ich im Verlagswesen t\u00e4tig und habe in Festanstellung beim Pabel-Moewig-Verlag und sp\u00e4ter beim F\u00fcr-mich-Verlag bei etlichen Zeitschriften in Redaktion und Bildredaktion mitgearbeitet. Im Jahr 2013 habe ich mich selbst\u00e4ndig gemacht und bin seither als freie Redakteurin und Bildredakteurin t\u00e4tig. Spezialisiert habe ich mich auf Themen rund um die [&hellip;]<\/p>\n","protected":false},"author":1,"featured_media":0,"parent":0,"menu_order":0,"comment_status":"closed","ping_status":"closed","template":"","meta":{"footnotes":""},"_links":{"self":[{"href":"https:\/\/www.silkebohner.de\/index.php?rest_route=\/wp\/v2\/pages\/7"}],"collection":[{"href":"https:\/\/www.silkebohner.de\/index.php?rest_route=\/wp\/v2\/pages"}],"about":[{"href":"https:\/\/www.silkebohner.de\/index.php?rest_route=\/wp\/v2\/types\/page"}],"author":[{"embeddable":true,"href":"https:\/\/www.silkebohner.de\/index.php?rest_route=\/wp\/v2\/users\/1"}],"replies":[{"embeddable":true,"href":"https:\/\/www.silkebohner.de\/index.php?rest_route=%2Fwp%2Fv2%2Fcomments&post=7"}],"version-history":[{"count":56,"href":"https:\/\/www.silkebohner.de\/index.php?rest_route=\/wp\/v2\/pages\/7\/revisions"}],"predecessor-version":[{"id":569,"href":"https:\/\/www.silkebohner.de\/index.php?rest_route=\/wp\/v2\/pages\/7\/revisions\/569"}],"wp:attachment":[{"href":"https:\/\/www.silkebohner.de\/index.php?rest_route=%2Fwp%2Fv2%2Fmedia&parent=7"}],"curies":[{"name":"wp","href":"https:\/\/api.w.org\/{rel}","templated":true}]}}