{"id":121,"date":"2018-10-05T16:23:35","date_gmt":"2018-10-05T14:23:35","guid":{"rendered":"https:\/\/www.silkebohner.de\/?page_id=121"},"modified":"2024-03-24T14:57:44","modified_gmt":"2024-03-24T13:57:44","slug":"referenzen","status":"publish","type":"page","link":"https:\/\/www.silkebohner.de\/?page_id=121","title":{"rendered":"Referenzen"},"content":{"rendered":"<div id=\"pl-121\"  class=\"panel-layout\" ><div id=\"pg-121-0\"  class=\"panel-grid panel-has-style\" ><div class=\"siteorigin-panels-stretch panel-row-style panel-row-style-for-121-0\" style=\"background-image: url(https:\/\/www.silkebohner.de\/wp-content\/uploads\/2018\/04\/COLOURBOX15565556.jpg);padding: 100px 0; \" data-stretch-type=\"full-width-stretch\" data-hasbg=\"hasbg\" data-overlay=\"true\" data-overlay-color=\"#000000\" ><div id=\"pgc-121-0-0\"  class=\"panel-grid-cell\" ><div id=\"panel-121-0-0-0\" class=\"so-panel widget widget_sow-editor panel-first-child panel-last-child\" data-index=\"0\" ><div style=\"text-align: left;\" data-title-color=\"#ffffff\" data-headings-color=\"#ffffff\" class=\"panel-widget-style panel-widget-style-for-121-0-0-0\" ><div\n\t\t\t\n\t\t\tclass=\"so-widget-sow-editor so-widget-sow-editor-base\"\n\t\t\t\n\t\t>\n<div class=\"siteorigin-widget-tinymce textwidget\">\n\t<h2 style=\"text-align: center;\"><strong>Referenzen<\/strong><\/h2>\n<p style=\"text-align: left;\"><strong>LENA Sonderausgaben Fr\u00fchling &amp; Weihnachten<\/strong><br \/>\n(BPV Medien Vertrieb)<br \/>\nRedaktionsleitung<br \/>\n(seit Winter\/Weihnachten 2021 bis heute)<\/p>\n<p style=\"text-align: left;\"><strong>LandKind<\/strong> (Panini-Verlag)<br \/>\nRessortleitung Landleben<br \/>\n(seit Ausgabe 4\/2019 bis heute)<\/p>\n<p style=\"text-align: left;\"><strong>LandKind<\/strong> (Panini-Verlag)<br \/>\nLeitung Bildredaktion<br \/>\n(seit Ausgabe 4\/2013 bis heute)<strong>\u00a0<\/strong><\/p>\n<p><strong>Fr\u00fchlingsgef\u00fchle<br \/>\n<\/strong>(erschienen bei TOPP im frechverlag, 2022)<br \/>\nBuchprojekt (DIY) mit Iris Wolf<\/p>\n<p><b>Mein L\u00e4ndle<\/b> (Wager-Kommunikation)<br \/>\nDiverse Artikel\/Reportagen<\/p>\n<p><b>TEDDYs Kreativ<\/b> (Wellhausen &amp; Marquardt)<br \/>\nArtikel\/Reportagen<\/p>\n<p><strong>Land und Leut<\/strong>e\u00a0 (RTV)<br \/>\nFotoproduktionen: BohnerProduktion<br \/>\n(Ausgabe 12\/17 bis zum Verlagsende 12\/2023)<br \/>\nOrganisation und Umsetzung von diversen Fotoproduktionen mit einem Netzwerk an Fotografen bundesweit<\/p>\n<p><strong>Land und Leute Edition<\/strong> (RTV)<br \/>\nFotoproduktionen: BohnerProduktion<br \/>\n(1\/2018 - 6\/2022)<br \/>\nOrganisation und Umsetzung von diversen Fotoproduktionen mit einem Netzwerk an Fotografen bundesweit<\/p>\n<p><strong>Gute Laune im Advent, Sonderausgabe <\/strong>(SEG Stegenwaller)<br \/>\nChefredaktion<br \/>\n(Ausgabe 1\/2021, Relaunch)<\/p>\n<p style=\"text-align: left;\"><strong>GartenIdee<\/strong> (Hubert Burda Media)<br \/>\nLeitung Bildredaktion<br \/>\n(Ausgabe 2\/2014 Relaunch bis 3\/2019)<\/p>\n<p style=\"text-align: left;\"><strong>Mein wunderbares Wissen <\/strong>(Hubert Burda Media)<br \/>\nRessortleitung Wunderbares Zuhause<br \/>\n(Sonderausgabe GartenIDEE 2\/2018)<\/p>\n<p style=\"text-align: left;\"><strong>LandFreunde<\/strong> (Panini-Verlag)<br \/>\nLeitung Bildredaktion<br \/>\n(Ausgabe 1\/ 2017 bis 2\/2018)<\/p>\n<p style=\"text-align: left;\"><strong>LandIDYLL<\/strong> (RTV)<br \/>\nBildredaktion<br \/>\n(Ausgabe 4\/17 bis 2\/2018)<\/p>\n<p style=\"text-align: left;\"><strong>aktuell f\u00fcr die Frau, TV f\u00fcr mich, Zeit f\u00fcr mich, illu f\u00fcr mich, Gl\u00fcck und Spa\u00df, Pause f\u00fcr mich,<\/strong><br \/>\n<strong>Journal der Frau, Extra f\u00fcr die Frau\/Extra f\u00fcr mich, Pause aktuell, Prima, Frau mit Spa\u00df<br \/>\n<\/strong>(MS Medienteam - sp\u00e4ter F\u00fcr-mich-Verlag GmbH)<br \/>\nRedakteurin &amp; Bildredakteurin in Festanstellung (2007 bis 2012)<strong><br \/>\n<\/strong><\/p>\n<p style=\"text-align: left;\"><strong>Mini, Avanti, Sch\u00f6ne Woche, Meine Melodie, Happy Day<\/strong><br \/>\n(Pabel-Moewig Verlag KG)<br \/>\nRedakteurin Frauenzeitschriften in Festanstellung<br \/>\nR\u00e4tsel und Gewinnspiele (2000 bis 2007)<\/p>\n<p style=\"text-align: left;\">\n<\/div>\n<\/div><\/div><\/div><\/div><div id=\"pgc-121-0-1\"  class=\"panel-grid-cell\" ><div id=\"panel-121-0-1-0\" class=\"so-panel widget widget_sow-image-grid panel-first-child panel-last-child\" data-index=\"1\" ><div style=\"text-align: left;\" data-title-color=\"#443f3f\" data-headings-color=\"#443f3f\" class=\"panel-widget-style panel-widget-style-for-121-0-1-0\" ><div\n\t\t\t\n\t\t\tclass=\"so-widget-sow-image-grid so-widget-sow-image-grid-default-46e3cddde1e5-121\"\n\t\t\t\n\t\t>\t<div\n\t\tclass=\"sow-image-grid-wrapper\"\n\t\t\t\t\t>\n\t\t\t\t\t<div class=\"sow-image-grid-image\">\n\t\t\t\t\t\t\t\t\t\t\t\t\t<a href=\"https:\/\/www.silkebohner.de\/?page_id=138\"\n\t\t\t\t\t>\n\t\t\t\t\t\t\t\t<img loading=\"lazy\" decoding=\"async\" width=\"231\" height=\"300\" src=\"https:\/\/www.silkebohner.de\/wp-content\/uploads\/2020\/12\/LK-1_2021-231x300.png\" class=\"sow-image-grid-image_html\" alt=\"\" title=\"LK 1_2021\" loading=\"lazy\" srcset=\"https:\/\/www.silkebohner.de\/wp-content\/uploads\/2020\/12\/LK-1_2021-231x300.png 231w, https:\/\/www.silkebohner.de\/wp-content\/uploads\/2020\/12\/LK-1_2021-768x996.png 768w, https:\/\/www.silkebohner.de\/wp-content\/uploads\/2020\/12\/LK-1_2021-790x1024.png 790w, https:\/\/www.silkebohner.de\/wp-content\/uploads\/2020\/12\/LK-1_2021-830x1076.png 830w, https:\/\/www.silkebohner.de\/wp-content\/uploads\/2020\/12\/LK-1_2021-230x298.png 230w, https:\/\/www.silkebohner.de\/wp-content\/uploads\/2020\/12\/LK-1_2021-350x454.png 350w, https:\/\/www.silkebohner.de\/wp-content\/uploads\/2020\/12\/LK-1_2021-480x622.png 480w, https:\/\/www.silkebohner.de\/wp-content\/uploads\/2020\/12\/LK-1_2021.png 1674w\" sizes=\"(max-width: 231px) 100vw, 231px\" \/>\t\t\t\t\t\t\t\t\t<\/a>\n\t\t\t\t\t\t\t\t\t\t\t<\/div>\n\t\t\t\t\t<div class=\"sow-image-grid-image\">\n\t\t\t\t\t\t\t\t\t\t\t\t<img loading=\"lazy\" decoding=\"async\" width=\"227\" height=\"300\" src=\"https:\/\/www.silkebohner.de\/wp-content\/uploads\/2024\/03\/LE-51_Fruehling-227x300.png\" class=\"sow-image-grid-image_html\" alt=\"\" title=\"Lena Wohnen Fr\u00fchling 2024\" loading=\"lazy\" srcset=\"https:\/\/www.silkebohner.de\/wp-content\/uploads\/2024\/03\/LE-51_Fruehling-227x300.png 227w, https:\/\/www.silkebohner.de\/wp-content\/uploads\/2024\/03\/LE-51_Fruehling-230x304.png 230w, https:\/\/www.silkebohner.de\/wp-content\/uploads\/2024\/03\/LE-51_Fruehling-350x462.png 350w, https:\/\/www.silkebohner.de\/wp-content\/uploads\/2024\/03\/LE-51_Fruehling-480x633.png 480w, https:\/\/www.silkebohner.de\/wp-content\/uploads\/2024\/03\/LE-51_Fruehling.png 613w\" sizes=\"(max-width: 227px) 100vw, 227px\" \/>\t\t\t\t\t\t\t\t\t\t\t<\/div>\n\t\t\t\t\t<div class=\"sow-image-grid-image\">\n\t\t\t\t\t\t\t\t\t\t\t\t<img loading=\"lazy\" decoding=\"async\" width=\"225\" height=\"300\" src=\"https:\/\/www.silkebohner.de\/wp-content\/uploads\/2024\/03\/LE-48_2023_Weihnachten-225x300.png\" class=\"sow-image-grid-image_html\" alt=\"\" title=\"Lena Wohnen Sonderausgabe Weihnachten 2023\" loading=\"lazy\" srcset=\"https:\/\/www.silkebohner.de\/wp-content\/uploads\/2024\/03\/LE-48_2023_Weihnachten-225x300.png 225w, https:\/\/www.silkebohner.de\/wp-content\/uploads\/2024\/03\/LE-48_2023_Weihnachten-230x306.png 230w, https:\/\/www.silkebohner.de\/wp-content\/uploads\/2024\/03\/LE-48_2023_Weihnachten-350x466.png 350w, https:\/\/www.silkebohner.de\/wp-content\/uploads\/2024\/03\/LE-48_2023_Weihnachten-480x639.png 480w, https:\/\/www.silkebohner.de\/wp-content\/uploads\/2024\/03\/LE-48_2023_Weihnachten.png 598w\" sizes=\"(max-width: 225px) 100vw, 225px\" \/>\t\t\t\t\t\t\t\t\t\t\t<\/div>\n\t\t\t\t\t<div class=\"sow-image-grid-image\">\n\t\t\t\t\t\t\t\t\t\t\t\t<img loading=\"lazy\" decoding=\"async\" width=\"235\" height=\"300\" src=\"https:\/\/www.silkebohner.de\/wp-content\/uploads\/2024\/03\/Fruehlingsgefuehle-235x300.png\" class=\"sow-image-grid-image_html\" alt=\"\" title=\"Buchprojekt mit Iris Wolf: Fr\u00fchlingsgef\u00fchle\" loading=\"lazy\" srcset=\"https:\/\/www.silkebohner.de\/wp-content\/uploads\/2024\/03\/Fruehlingsgefuehle-235x300.png 235w, https:\/\/www.silkebohner.de\/wp-content\/uploads\/2024\/03\/Fruehlingsgefuehle-230x294.png 230w, https:\/\/www.silkebohner.de\/wp-content\/uploads\/2024\/03\/Fruehlingsgefuehle-350x447.png 350w, https:\/\/www.silkebohner.de\/wp-content\/uploads\/2024\/03\/Fruehlingsgefuehle-480x613.png 480w, https:\/\/www.silkebohner.de\/wp-content\/uploads\/2024\/03\/Fruehlingsgefuehle.png 555w\" sizes=\"(max-width: 235px) 100vw, 235px\" \/>\t\t\t\t\t\t\t\t\t\t\t<\/div>\n\t\t\t\t\t<div class=\"sow-image-grid-image\">\n\t\t\t\t\t\t\t\t\t\t\t\t\t<a href=\"https:\/\/www.silkebohner.de\/?page_id=296\"\n\t\t\t\t\t>\n\t\t\t\t\t\t\t\t<img loading=\"lazy\" decoding=\"async\" width=\"247\" height=\"300\" src=\"https:\/\/www.silkebohner.de\/wp-content\/uploads\/2020\/12\/LL-12_2020-247x300.png\" class=\"sow-image-grid-image_html\" alt=\"\" title=\"12\/20\" loading=\"lazy\" srcset=\"https:\/\/www.silkebohner.de\/wp-content\/uploads\/2020\/12\/LL-12_2020-247x300.png 247w, https:\/\/www.silkebohner.de\/wp-content\/uploads\/2020\/12\/LL-12_2020-768x934.png 768w, https:\/\/www.silkebohner.de\/wp-content\/uploads\/2020\/12\/LL-12_2020-842x1024.png 842w, https:\/\/www.silkebohner.de\/wp-content\/uploads\/2020\/12\/LL-12_2020-830x1009.png 830w, https:\/\/www.silkebohner.de\/wp-content\/uploads\/2020\/12\/LL-12_2020-230x280.png 230w, https:\/\/www.silkebohner.de\/wp-content\/uploads\/2020\/12\/LL-12_2020-350x426.png 350w, https:\/\/www.silkebohner.de\/wp-content\/uploads\/2020\/12\/LL-12_2020-480x584.png 480w, https:\/\/www.silkebohner.de\/wp-content\/uploads\/2020\/12\/LL-12_2020.png 1776w\" sizes=\"(max-width: 247px) 100vw, 247px\" \/>\t\t\t\t\t\t\t\t\t<\/a>\n\t\t\t\t\t\t\t\t\t\t\t<\/div>\n\t\t\t\t\t<div class=\"sow-image-grid-image\">\n\t\t\t\t\t\t\t\t\t\t\t\t\t<a href=\"https:\/\/www.silkebohner.de\/?page_id=393\"\n\t\t\t\t\t>\n\t\t\t\t\t\t\t\t<img loading=\"lazy\" decoding=\"async\" width=\"238\" height=\"300\" src=\"https:\/\/www.silkebohner.de\/wp-content\/uploads\/2020\/12\/LL-Edition-6_2020-238x300.png\" class=\"sow-image-grid-image_html\" alt=\"\" title=\"LL Edition 6_2020\" loading=\"lazy\" srcset=\"https:\/\/www.silkebohner.de\/wp-content\/uploads\/2020\/12\/LL-Edition-6_2020-238x300.png 238w, https:\/\/www.silkebohner.de\/wp-content\/uploads\/2020\/12\/LL-Edition-6_2020-768x967.png 768w, https:\/\/www.silkebohner.de\/wp-content\/uploads\/2020\/12\/LL-Edition-6_2020-814x1024.png 814w, https:\/\/www.silkebohner.de\/wp-content\/uploads\/2020\/12\/LL-Edition-6_2020-830x1045.png 830w, https:\/\/www.silkebohner.de\/wp-content\/uploads\/2020\/12\/LL-Edition-6_2020-230x290.png 230w, https:\/\/www.silkebohner.de\/wp-content\/uploads\/2020\/12\/LL-Edition-6_2020-350x441.png 350w, https:\/\/www.silkebohner.de\/wp-content\/uploads\/2020\/12\/LL-Edition-6_2020-480x604.png 480w, https:\/\/www.silkebohner.de\/wp-content\/uploads\/2020\/12\/LL-Edition-6_2020.png 1600w\" sizes=\"(max-width: 238px) 100vw, 238px\" \/>\t\t\t\t\t\t\t\t\t<\/a>\n\t\t\t\t\t\t\t\t\t\t\t<\/div>\n\t\t\t\t\t<div class=\"sow-image-grid-image\">\n\t\t\t\t\t\t\t\t\t\t\t\t\t<a href=\"https:\/\/www.silkebohner.de\/?page_id=467\"\n\t\t\t\t\t>\n\t\t\t\t\t\t\t\t<img loading=\"lazy\" decoding=\"async\" width=\"198\" height=\"245\" src=\"https:\/\/www.silkebohner.de\/wp-content\/uploads\/2024\/03\/ML-2023_02.png\" class=\"sow-image-grid-image_html\" alt=\"\" title=\"ML 2023_02\" loading=\"lazy\" \/>\t\t\t\t\t\t\t\t\t<\/a>\n\t\t\t\t\t\t\t\t\t\t\t<\/div>\n\t\t\t\t\t<div class=\"sow-image-grid-image\">\n\t\t\t\t\t\t\t\t\t\t\t\t<img loading=\"lazy\" decoding=\"async\" width=\"230\" height=\"300\" src=\"https:\/\/www.silkebohner.de\/wp-content\/uploads\/2024\/03\/GLiA_Cover-230x300.png\" class=\"sow-image-grid-image_html\" alt=\"\" title=\"Gute Laune im Advent 2021\" loading=\"lazy\" srcset=\"https:\/\/www.silkebohner.de\/wp-content\/uploads\/2024\/03\/GLiA_Cover-230x300.png 230w, https:\/\/www.silkebohner.de\/wp-content\/uploads\/2024\/03\/GLiA_Cover-350x456.png 350w, https:\/\/www.silkebohner.de\/wp-content\/uploads\/2024\/03\/GLiA_Cover-480x625.png 480w, https:\/\/www.silkebohner.de\/wp-content\/uploads\/2024\/03\/GLiA_Cover.png 708w\" sizes=\"(max-width: 230px) 100vw, 230px\" \/>\t\t\t\t\t\t\t\t\t\t\t<\/div>\n\t\t\t\t\t<div class=\"sow-image-grid-image\">\n\t\t\t\t\t\t\t\t\t\t\t\t\t<a href=\"https:\/\/www.silkebohner.de\/?page_id=218\"\n\t\t\t\t\t>\n\t\t\t\t\t\t\t\t<img loading=\"lazy\" decoding=\"async\" width=\"238\" height=\"300\" src=\"https:\/\/www.silkebohner.de\/wp-content\/uploads\/2018\/10\/GartenIDEE-2018_5-238x300.png\" class=\"sow-image-grid-image_html\" alt=\"\" title=\"GartenIDEE 2018_5\" loading=\"lazy\" srcset=\"https:\/\/www.silkebohner.de\/wp-content\/uploads\/2018\/10\/GartenIDEE-2018_5-238x300.png 238w, https:\/\/www.silkebohner.de\/wp-content\/uploads\/2018\/10\/GartenIDEE-2018_5-768x967.png 768w, https:\/\/www.silkebohner.de\/wp-content\/uploads\/2018\/10\/GartenIDEE-2018_5-813x1024.png 813w, https:\/\/www.silkebohner.de\/wp-content\/uploads\/2018\/10\/GartenIDEE-2018_5-830x1046.png 830w, https:\/\/www.silkebohner.de\/wp-content\/uploads\/2018\/10\/GartenIDEE-2018_5-230x290.png 230w, https:\/\/www.silkebohner.de\/wp-content\/uploads\/2018\/10\/GartenIDEE-2018_5-350x441.png 350w, https:\/\/www.silkebohner.de\/wp-content\/uploads\/2018\/10\/GartenIDEE-2018_5-480x605.png 480w, https:\/\/www.silkebohner.de\/wp-content\/uploads\/2018\/10\/GartenIDEE-2018_5.png 1036w\" sizes=\"(max-width: 238px) 100vw, 238px\" \/>\t\t\t\t\t\t\t\t\t<\/a>\n\t\t\t\t\t\t\t\t\t\t\t<\/div>\n\t\t\t\t\t<div class=\"sow-image-grid-image\">\n\t\t\t\t\t\t\t\t\t\t\t\t\t<a href=\"https:\/\/www.silkebohner.de\/?page_id=353\"\n\t\t\t\t\t>\n\t\t\t\t\t\t\t\t<img loading=\"lazy\" decoding=\"async\" width=\"232\" height=\"300\" src=\"https:\/\/www.silkebohner.de\/wp-content\/uploads\/2018\/10\/LandFreunde-2018_2-232x300.png\" class=\"sow-image-grid-image_html\" alt=\"\" title=\"LandFreunde 2018_2\" loading=\"lazy\" srcset=\"https:\/\/www.silkebohner.de\/wp-content\/uploads\/2018\/10\/LandFreunde-2018_2-232x300.png 232w, https:\/\/www.silkebohner.de\/wp-content\/uploads\/2018\/10\/LandFreunde-2018_2-768x994.png 768w, https:\/\/www.silkebohner.de\/wp-content\/uploads\/2018\/10\/LandFreunde-2018_2-791x1024.png 791w, https:\/\/www.silkebohner.de\/wp-content\/uploads\/2018\/10\/LandFreunde-2018_2-830x1074.png 830w, https:\/\/www.silkebohner.de\/wp-content\/uploads\/2018\/10\/LandFreunde-2018_2-230x298.png 230w, https:\/\/www.silkebohner.de\/wp-content\/uploads\/2018\/10\/LandFreunde-2018_2-350x453.png 350w, https:\/\/www.silkebohner.de\/wp-content\/uploads\/2018\/10\/LandFreunde-2018_2-480x621.png 480w, https:\/\/www.silkebohner.de\/wp-content\/uploads\/2018\/10\/LandFreunde-2018_2.png 1067w\" sizes=\"(max-width: 232px) 100vw, 232px\" \/>\t\t\t\t\t\t\t\t\t<\/a>\n\t\t\t\t\t\t\t\t\t\t\t<\/div>\n\t\t\t\t\t<div class=\"sow-image-grid-image\">\n\t\t\t\t\t\t\t\t\t\t\t\t\t<a href=\"https:\/\/www.silkebohner.de\/?page_id=362\"\n\t\t\t\t\t>\n\t\t\t\t\t\t\t\t<img loading=\"lazy\" decoding=\"async\" width=\"236\" height=\"300\" src=\"https:\/\/www.silkebohner.de\/wp-content\/uploads\/2018\/10\/LandIDYLL-2_18-236x300.png\" class=\"sow-image-grid-image_html\" alt=\"\" title=\"LandIDYLL 2_18\" loading=\"lazy\" srcset=\"https:\/\/www.silkebohner.de\/wp-content\/uploads\/2018\/10\/LandIDYLL-2_18-236x300.png 236w, https:\/\/www.silkebohner.de\/wp-content\/uploads\/2018\/10\/LandIDYLL-2_18-768x977.png 768w, https:\/\/www.silkebohner.de\/wp-content\/uploads\/2018\/10\/LandIDYLL-2_18-805x1024.png 805w, https:\/\/www.silkebohner.de\/wp-content\/uploads\/2018\/10\/LandIDYLL-2_18-830x1056.png 830w, https:\/\/www.silkebohner.de\/wp-content\/uploads\/2018\/10\/LandIDYLL-2_18-230x293.png 230w, https:\/\/www.silkebohner.de\/wp-content\/uploads\/2018\/10\/LandIDYLL-2_18-350x445.png 350w, https:\/\/www.silkebohner.de\/wp-content\/uploads\/2018\/10\/LandIDYLL-2_18-480x610.png 480w, https:\/\/www.silkebohner.de\/wp-content\/uploads\/2018\/10\/LandIDYLL-2_18.png 1034w\" sizes=\"(max-width: 236px) 100vw, 236px\" \/>\t\t\t\t\t\t\t\t\t<\/a>\n\t\t\t\t\t\t\t\t\t\t\t<\/div>\n\t\t\t\t\t<div class=\"sow-image-grid-image\">\n\t\t\t\t\t\t\t\t\t\t\t\t<img loading=\"lazy\" decoding=\"async\" width=\"239\" height=\"300\" src=\"https:\/\/www.silkebohner.de\/wp-content\/uploads\/2018\/10\/GartenIDEE-2018_1_SA_Mein-wunderbares-Wissen-239x300.png\" class=\"sow-image-grid-image_html\" alt=\"\" title=\"GartenIDEE 2018_1_SA_Mein wunderbares Wissen\" loading=\"lazy\" srcset=\"https:\/\/www.silkebohner.de\/wp-content\/uploads\/2018\/10\/GartenIDEE-2018_1_SA_Mein-wunderbares-Wissen-239x300.png 239w, https:\/\/www.silkebohner.de\/wp-content\/uploads\/2018\/10\/GartenIDEE-2018_1_SA_Mein-wunderbares-Wissen-768x962.png 768w, https:\/\/www.silkebohner.de\/wp-content\/uploads\/2018\/10\/GartenIDEE-2018_1_SA_Mein-wunderbares-Wissen-817x1024.png 817w, https:\/\/www.silkebohner.de\/wp-content\/uploads\/2018\/10\/GartenIDEE-2018_1_SA_Mein-wunderbares-Wissen-830x1040.png 830w, https:\/\/www.silkebohner.de\/wp-content\/uploads\/2018\/10\/GartenIDEE-2018_1_SA_Mein-wunderbares-Wissen-230x288.png 230w, https:\/\/www.silkebohner.de\/wp-content\/uploads\/2018\/10\/GartenIDEE-2018_1_SA_Mein-wunderbares-Wissen-350x439.png 350w, https:\/\/www.silkebohner.de\/wp-content\/uploads\/2018\/10\/GartenIDEE-2018_1_SA_Mein-wunderbares-Wissen-480x602.png 480w, https:\/\/www.silkebohner.de\/wp-content\/uploads\/2018\/10\/GartenIDEE-2018_1_SA_Mein-wunderbares-Wissen.png 1094w\" sizes=\"(max-width: 239px) 100vw, 239px\" \/>\t\t\t\t\t\t\t\t\t\t\t<\/div>\n\t\t\t<\/div>\n<\/div><\/div><\/div><\/div><\/div><\/div><\/div>","protected":false},"excerpt":{"rendered":"<p>Referenzen LENA Sonderausgaben Fr\u00fchling &amp; Weihnachten (BPV Medien Vertrieb) Redaktionsleitung (seit Winter\/Weihnachten 2021 bis heute) LandKind (Panini-Verlag) Ressortleitung Landleben (seit Ausgabe 4\/2019 bis heute) LandKind (Panini-Verlag) Leitung Bildredaktion (seit Ausgabe 4\/2013 bis heute)\u00a0 Fr\u00fchlingsgef\u00fchle (erschienen bei TOPP im frechverlag, 2022) Buchprojekt (DIY) mit Iris Wolf Mein L\u00e4ndle (Wager-Kommunikation) Diverse Artikel\/Reportagen TEDDYs Kreativ (Wellhausen &amp; Marquardt) [&hellip;]<\/p>\n","protected":false},"author":1,"featured_media":0,"parent":0,"menu_order":0,"comment_status":"closed","ping_status":"closed","template":"","meta":{"footnotes":""},"_links":{"self":[{"href":"https:\/\/www.silkebohner.de\/index.php?rest_route=\/wp\/v2\/pages\/121"}],"collection":[{"href":"https:\/\/www.silkebohner.de\/index.php?rest_route=\/wp\/v2\/pages"}],"about":[{"href":"https:\/\/www.silkebohner.de\/index.php?rest_route=\/wp\/v2\/types\/page"}],"author":[{"embeddable":true,"href":"https:\/\/www.silkebohner.de\/index.php?rest_route=\/wp\/v2\/users\/1"}],"replies":[{"embeddable":true,"href":"https:\/\/www.silkebohner.de\/index.php?rest_route=%2Fwp%2Fv2%2Fcomments&post=121"}],"version-history":[{"count":60,"href":"https:\/\/www.silkebohner.de\/index.php?rest_route=\/wp\/v2\/pages\/121\/revisions"}],"predecessor-version":[{"id":588,"href":"https:\/\/www.silkebohner.de\/index.php?rest_route=\/wp\/v2\/pages\/121\/revisions\/588"}],"wp:attachment":[{"href":"https:\/\/www.silkebohner.de\/index.php?rest_route=%2Fwp%2Fv2%2Fmedia&parent=121"}],"curies":[{"name":"wp","href":"https:\/\/api.w.org\/{rel}","templated":true}]}}